{"id":532,"date":"2018-03-08T23:07:14","date_gmt":"2018-03-08T22:07:14","guid":{"rendered":"https:\/\/www.frottbf-liege.be\/?page_id=532"},"modified":"2021-07-29T21:24:00","modified_gmt":"2021-07-29T19:24:00","slug":"chenee","status":"publish","type":"page","link":"https:\/\/www.frottbf-liege.be\/?page_id=532","title":{"rendered":"CHENEE"},"content":{"rendered":"<p><strong>Club :<\/strong><\/p>\n<table width=\"50%\">\n<tbody>\n<tr>\n<td><span style=\"color: #ff0000;\">Matricule<\/span><\/td>\n<td>54<\/td>\n<\/tr>\n<tr>\n<td width=\"25%\"><span style=\"color: #ff0000;\">Adresse local<\/span><\/td>\n<td>Foyer Culturel<br \/>\nRue de l&rsquo;Eglise, 1<br \/>\n4032\u00a0 CHENEE<\/td>\n<\/tr>\n<tr>\n<td><span style=\"color: #ff0000;\">Tf local<\/span><\/td>\n<td>&#8211;<\/td>\n<\/tr>\n<tr>\n<td><span style=\"color: #ff0000;\">Site web<br \/>\n<\/span><\/td>\n<td>https:\/\/ppcchenee.wordpress.com\/<\/td>\n<\/tr>\n<tr>\n<td><span style=\"color: #ff0000;\">Social<br \/>\n<\/span><\/td>\n<td>&#8211;<\/td>\n<\/tr>\n<tr>\n<td><span style=\"color: #ff0000;\">Localisation<\/span><\/td>\n<td><iframe loading=\"lazy\" style=\"border: 0;\" src=\"https:\/\/www.google.com\/maps\/embed?pb=!1m18!1m12!1m3!1d355.2327902924251!2d5.616302707148234!3d50.61204075384243!2m3!1f0!2f0!3f0!3m2!1i1024!2i768!4f13.1!3m3!1m2!1s0x0%3A0x0!2zNTDCsDM2JzQzLjUiTiA1wrAzNic1OS4zIkU!5e0!3m2!1sfr!2sbe!4v1520546709482\" width=\"400\" height=\"300\" frameborder=\"0\" allowfullscreen=\"allowfullscreen\"><\/iframe><\/td>\n<\/tr>\n<tr>\n<td><span style=\"color: #ff0000;\">Entrainements<\/span><\/td>\n<td>Mercredi apr\u00e8s-midi<br \/>\nDimanche matin<\/td>\n<\/tr>\n<\/tbody>\n<\/table>\n<p><strong>Secr\u00e9taire :<\/strong><\/p>\n<table width=\"50%\">\n<tbody>\n<tr>\n<td width=\"25%\">Nom<\/td>\n<td>LECAILLON Andr\u00e9<\/td>\n<\/tr>\n<tr>\n<td>Adresse<\/td>\n<td>Avenue des Ormes, 9<br \/>\n4000\u00a0 LIEGE<\/td>\n<\/tr>\n<tr>\n<td>Tf<\/td>\n<td>&#8211;<\/td>\n<\/tr>\n<tr>\n<td>GSM<\/td>\n<td>0483\/07.51.93<\/td>\n<\/tr>\n<tr>\n<td>Email<\/td>\n<td><a href=\"mailto:andrelecaillon@yahoo.fr\">andrelecaillon@yahoo.fr<\/a><\/td>\n<\/tr>\n<\/tbody>\n<\/table>\n<p><strong>Divers :<\/strong><\/p>\n","protected":false},"excerpt":{"rendered":"<p>Club : Matricule 54 Adresse local Foyer Culturel Rue de l&rsquo;Eglise, 1 4032\u00a0 CHENEE Tf local &#8211; Site web https:\/\/ppcchenee.wordpress.com\/ Social &#8211; Localisation Entrainements Mercredi apr\u00e8s-midi Dimanche matin Secr\u00e9taire : Nom LECAILLON Andr\u00e9 Adresse Avenue des Ormes, 9 4000\u00a0 LIEGE Tf &#8211; GSM 0483\/07.51.93 Email andrelecaillon@yahoo.fr Divers :<\/p>\n","protected":false},"author":3,"featured_media":0,"parent":21,"menu_order":0,"comment_status":"closed","ping_status":"closed","template":"","meta":{"footnotes":""},"publishpress_future_action":{"enabled":false,"date":"2026-05-22 00:25:37","action":"change-status","newStatus":"draft","terms":[],"taxonomy":""},"publishpress_future_workflow_manual_trigger":{"enabledWorkflows":[]},"_links":{"self":[{"href":"https:\/\/www.frottbf-liege.be\/index.php?rest_route=\/wp\/v2\/pages\/532"}],"collection":[{"href":"https:\/\/www.frottbf-liege.be\/index.php?rest_route=\/wp\/v2\/pages"}],"about":[{"href":"https:\/\/www.frottbf-liege.be\/index.php?rest_route=\/wp\/v2\/types\/page"}],"author":[{"embeddable":true,"href":"https:\/\/www.frottbf-liege.be\/index.php?rest_route=\/wp\/v2\/users\/3"}],"replies":[{"embeddable":true,"href":"https:\/\/www.frottbf-liege.be\/index.php?rest_route=%2Fwp%2Fv2%2Fcomments&post=532"}],"version-history":[{"count":3,"href":"https:\/\/www.frottbf-liege.be\/index.php?rest_route=\/wp\/v2\/pages\/532\/revisions"}],"predecessor-version":[{"id":3371,"href":"https:\/\/www.frottbf-liege.be\/index.php?rest_route=\/wp\/v2\/pages\/532\/revisions\/3371"}],"up":[{"embeddable":true,"href":"https:\/\/www.frottbf-liege.be\/index.php?rest_route=\/wp\/v2\/pages\/21"}],"wp:attachment":[{"href":"https:\/\/www.frottbf-liege.be\/index.php?rest_route=%2Fwp%2Fv2%2Fmedia&parent=532"}],"curies":[{"name":"wp","href":"https:\/\/api.w.org\/{rel}","templated":true}]}}