{"id":500,"date":"2018-03-08T21:39:53","date_gmt":"2018-03-08T20:39:53","guid":{"rendered":"https:\/\/www.frottbf-liege.be\/?page_id=500"},"modified":"2021-07-29T21:25:27","modified_gmt":"2021-07-29T19:25:27","slug":"lince","status":"publish","type":"page","link":"https:\/\/www.frottbf-liege.be\/?page_id=500","title":{"rendered":"LINCE"},"content":{"rendered":"<p><strong>Club :<\/strong><\/p>\n<table width=\"50%\">\n<tbody>\n<tr>\n<td><span style=\"color: #ff0000;\">Matricule<\/span><\/td>\n<td>80<\/td>\n<\/tr>\n<tr>\n<td width=\"25%\"><span style=\"color: #ff0000;\">Adresse local<\/span><\/td>\n<td>Salle Polyvalente Ecole Communale<br \/>\nRue de l&rsquo;Enseignement, 5<br \/>\n4140 LINCE<\/td>\n<\/tr>\n<tr>\n<td><span style=\"color: #ff0000;\">Tf local<\/span><\/td>\n<td>&#8211;<\/td>\n<\/tr>\n<tr>\n<td><span style=\"color: #ff0000;\">Site web<br \/>\n<\/span><\/td>\n<td>&#8211;<\/td>\n<\/tr>\n<tr>\n<td><span style=\"color: #ff0000;\">Social<br \/>\n<\/span><\/td>\n<td>&#8211;<\/td>\n<\/tr>\n<tr>\n<td><span style=\"color: #ff0000;\">Localisation<\/span><\/td>\n<td><iframe loading=\"lazy\" style=\"border: 0;\" src=\"https:\/\/www.google.com\/maps\/embed?pb=!1m18!1m12!1m3!1d897.016747690822!2d5.62991258206322!3d50.51284088748396!2m3!1f0!2f0!3f0!3m2!1i1024!2i768!4f13.1!3m3!1m2!1s0x47c058e843021643%3A0x4fcbd4f83e2cb49f!2zw4ljb2xlIGRlIExpbmPDqQ!5e0!3m2!1sfr!2sbe!4v1520541446195\" width=\"400\" height=\"300\" frameborder=\"0\" allowfullscreen=\"allowfullscreen\"><\/iframe><\/td>\n<\/tr>\n<tr>\n<td><span style=\"color: #ff0000;\">Entrainements<\/span><\/td>\n<td>Mardi<br \/>\n19h30 \u00e0 23h00<\/td>\n<\/tr>\n<\/tbody>\n<\/table>\n<p><strong>Secr\u00e9taire :<\/strong><\/p>\n<table width=\"50%\">\n<tbody>\n<tr>\n<td width=\"25%\">Nom<\/td>\n<td>MAILLEUR Jean-Claude<\/td>\n<\/tr>\n<tr>\n<td>Adresse<\/td>\n<td>Rue d&rsquo;Ogn\u00e9, 19<br \/>\n4140\u00a0 SPRIMONT<\/td>\n<\/tr>\n<tr>\n<td>Tf<\/td>\n<td>04\/382.26.48<\/td>\n<\/tr>\n<tr>\n<td>GSM<\/td>\n<td>0497\/85.21.34<\/td>\n<\/tr>\n<tr>\n<td>Email<\/td>\n<td><a href=\"mailto:jma.b.k.m.55@gmail.com\">jma.b.k.m.55@gmail.com<\/a><\/td>\n<\/tr>\n<\/tbody>\n<\/table>\n<p><strong>Divers :<\/strong><\/p>\n","protected":false},"excerpt":{"rendered":"<p>Club : Matricule 80 Adresse local Salle Polyvalente Ecole Communale Rue de l&rsquo;Enseignement, 5 4140 LINCE Tf local &#8211; Site web &#8211; Social &#8211; Localisation Entrainements Mardi 19h30 \u00e0 23h00 Secr\u00e9taire : Nom MAILLEUR Jean-Claude Adresse Rue d&rsquo;Ogn\u00e9, 19 4140\u00a0 SPRIMONT Tf 04\/382.26.48 GSM 0497\/85.21.34 Email jma.b.k.m.55@gmail.com Divers :<\/p>\n","protected":false},"author":3,"featured_media":0,"parent":21,"menu_order":0,"comment_status":"closed","ping_status":"closed","template":"","meta":{"footnotes":""},"publishpress_future_action":{"enabled":false,"date":"2026-05-22 00:26:23","action":"change-status","newStatus":"draft","terms":[],"taxonomy":""},"publishpress_future_workflow_manual_trigger":{"enabledWorkflows":[]},"_links":{"self":[{"href":"https:\/\/www.frottbf-liege.be\/index.php?rest_route=\/wp\/v2\/pages\/500"}],"collection":[{"href":"https:\/\/www.frottbf-liege.be\/index.php?rest_route=\/wp\/v2\/pages"}],"about":[{"href":"https:\/\/www.frottbf-liege.be\/index.php?rest_route=\/wp\/v2\/types\/page"}],"author":[{"embeddable":true,"href":"https:\/\/www.frottbf-liege.be\/index.php?rest_route=\/wp\/v2\/users\/3"}],"replies":[{"embeddable":true,"href":"https:\/\/www.frottbf-liege.be\/index.php?rest_route=%2Fwp%2Fv2%2Fcomments&post=500"}],"version-history":[{"count":3,"href":"https:\/\/www.frottbf-liege.be\/index.php?rest_route=\/wp\/v2\/pages\/500\/revisions"}],"predecessor-version":[{"id":2109,"href":"https:\/\/www.frottbf-liege.be\/index.php?rest_route=\/wp\/v2\/pages\/500\/revisions\/2109"}],"up":[{"embeddable":true,"href":"https:\/\/www.frottbf-liege.be\/index.php?rest_route=\/wp\/v2\/pages\/21"}],"wp:attachment":[{"href":"https:\/\/www.frottbf-liege.be\/index.php?rest_route=%2Fwp%2Fv2%2Fmedia&parent=500"}],"curies":[{"name":"wp","href":"https:\/\/api.w.org\/{rel}","templated":true}]}}