{"id":496,"date":"2018-03-08T21:28:13","date_gmt":"2018-03-08T20:28:13","guid":{"rendered":"https:\/\/www.frottbf-liege.be\/?page_id=496"},"modified":"2025-07-02T17:28:30","modified_gmt":"2025-07-02T15:28:30","slug":"melen","status":"publish","type":"page","link":"https:\/\/www.frottbf-liege.be\/?page_id=496","title":{"rendered":"MELEN"},"content":{"rendered":"<p><strong>Club :<\/strong><\/p>\n<table width=\"50%\">\n<tbody>\n<tr>\n<td><span style=\"color: #ff0000;\">Matricule<\/span><\/td>\n<td>40<\/td>\n<\/tr>\n<tr>\n<td width=\"25%\"><span style=\"color: #ff0000;\">Adresse local<\/span><\/td>\n<td>Hall des Sports de Micheroux<br \/>\nRue sur les Keyeux, 2<br \/>\n4630 SOUMAGNE<\/td>\n<\/tr>\n<tr>\n<td><span style=\"color: #ff0000;\">Tf local<\/span><\/td>\n<td>04\/377.28.93<\/td>\n<\/tr>\n<tr>\n<td><span style=\"color: #ff0000;\">Site web<br \/>\n<\/span><\/td>\n<td>&#8211;<\/td>\n<\/tr>\n<tr>\n<td><span style=\"color: #ff0000;\">Social<br \/>\n<\/span><\/td>\n<td><a href=\"https:\/\/www.facebook.com\/TTC-MELEN-52613369135\/\">https:\/\/www.facebook.com\/TTC-MELEN-52613369135\/<\/a><\/td>\n<\/tr>\n<tr>\n<td><span style=\"color: #ff0000;\">Localisation<\/span><\/td>\n<td><iframe loading=\"lazy\" style=\"border: 0;\" src=\"https:\/\/www.google.com\/maps\/embed?pb=!1m18!1m12!1m3!1d894.8631472862415!2d5.720685226631256!3d50.62609138830882!2m3!1f0!2f0!3f0!3m2!1i1024!2i768!4f13.1!3m3!1m2!1s0x0%3A0x0!2zNTDCsDM3JzMzLjQiTiA1wrA0MycxNi45IkU!5e0!3m2!1sfr!2sbe!4v1520540766669\" width=\"400\" height=\"300\" frameborder=\"0\" allowfullscreen=\"allowfullscreen\"><\/iframe><\/td>\n<\/tr>\n<tr>\n<td><span style=\"color: #ff0000;\">Entrainements<\/span><\/td>\n<td>Lundi : 18H00 \u00e0 21H00<br \/>\nJeudi : 18h00 \u00e0 20h00<\/td>\n<\/tr>\n<\/tbody>\n<\/table>\n<p><strong>Secr\u00e9taire :<\/strong><\/p>\n<table width=\"50%\">\n<tbody>\n<tr>\n<td width=\"25%\">Nom<\/td>\n<td>DESAIVE Philippe<\/td>\n<\/tr>\n<tr>\n<td>Adresse<\/td>\n<td>Avenue De La R\u00e9sistance 235<\/p>\n<p>4630 Soumage<\/td>\n<\/tr>\n<tr>\n<td>Tf<\/td>\n<td>&#8211;<\/td>\n<\/tr>\n<tr>\n<td>GSM<\/td>\n<td>0496 \/ 40 22 81<\/td>\n<\/tr>\n<tr>\n<td>Email<\/td>\n<td><a href=\"mailto:ttcmelen@gmail.com\">ttcmelen@gmail.com<\/a><\/td>\n<\/tr>\n<\/tbody>\n<\/table>\n<p><strong>Divers : Chaussures \u00e0 Semelles claires Obligatoires<\/strong><\/p>\n","protected":false},"excerpt":{"rendered":"<p>Club : Matricule 40 Adresse local Hall des Sports de Micheroux Rue sur les Keyeux, 2 4630 SOUMAGNE Tf local 04\/377.28.93 Site web &#8211; Social https:\/\/www.facebook.com\/TTC-MELEN-52613369135\/ Localisation Entrainements Lundi : 18H00 \u00e0 21H00 Jeudi : 18h00 \u00e0 20h00 Secr\u00e9taire : Nom DESAIVE Philippe Adresse Avenue De La R\u00e9sistance 235 4630 Soumage Tf &#8211; GSM 0496 &hellip; <a href=\"https:\/\/www.frottbf-liege.be\/?page_id=496\" class=\"more-link\">Continuer la lecture<span class=\"screen-reader-text\"> de &laquo;&nbsp;MELEN&nbsp;&raquo;<\/span><\/a><\/p>\n","protected":false},"author":3,"featured_media":0,"parent":21,"menu_order":0,"comment_status":"closed","ping_status":"closed","template":"","meta":{"footnotes":""},"publishpress_future_action":{"enabled":false,"date":"2026-05-22 00:26:24","action":"change-status","newStatus":"draft","terms":[],"taxonomy":""},"publishpress_future_workflow_manual_trigger":{"enabledWorkflows":[]},"_links":{"self":[{"href":"https:\/\/www.frottbf-liege.be\/index.php?rest_route=\/wp\/v2\/pages\/496"}],"collection":[{"href":"https:\/\/www.frottbf-liege.be\/index.php?rest_route=\/wp\/v2\/pages"}],"about":[{"href":"https:\/\/www.frottbf-liege.be\/index.php?rest_route=\/wp\/v2\/types\/page"}],"author":[{"embeddable":true,"href":"https:\/\/www.frottbf-liege.be\/index.php?rest_route=\/wp\/v2\/users\/3"}],"replies":[{"embeddable":true,"href":"https:\/\/www.frottbf-liege.be\/index.php?rest_route=%2Fwp%2Fv2%2Fcomments&post=496"}],"version-history":[{"count":10,"href":"https:\/\/www.frottbf-liege.be\/index.php?rest_route=\/wp\/v2\/pages\/496\/revisions"}],"predecessor-version":[{"id":5602,"href":"https:\/\/www.frottbf-liege.be\/index.php?rest_route=\/wp\/v2\/pages\/496\/revisions\/5602"}],"up":[{"embeddable":true,"href":"https:\/\/www.frottbf-liege.be\/index.php?rest_route=\/wp\/v2\/pages\/21"}],"wp:attachment":[{"href":"https:\/\/www.frottbf-liege.be\/index.php?rest_route=%2Fwp%2Fv2%2Fmedia&parent=496"}],"curies":[{"name":"wp","href":"https:\/\/api.w.org\/{rel}","templated":true}]}}