{"id":27,"date":"2018-02-01T15:16:07","date_gmt":"2018-02-01T14:16:07","guid":{"rendered":"http:\/\/frottbf-liege.be\/?page_id=27"},"modified":"2025-08-29T17:18:35","modified_gmt":"2025-08-29T15:18:35","slug":"provincial","status":"publish","type":"page","link":"https:\/\/www.frottbf-liege.be\/?page_id=27","title":{"rendered":"Provincial"},"content":{"rendered":"<p><a href=\"https:\/\/www.frottbf-liege.be\/wp-content\/uploads\/2025\/08\/Comite-Executif-Provincial-de-Liege.pdf\">Comit\u00e9 Ex\u00e9cutif Provincial de Li\u00e8ge<\/a><\/p>\n<p><a href=\"https:\/\/www.frottbf-liege.be\/wp-content\/uploads\/2025\/08\/DEROGATIONS-PROVINCIALES-LIEGEOISES-25-26.pdf\">DEROGATIONS PROVINCIALES LIEGEOISES 25-26<\/a><\/p>\n<p><a href=\"https:\/\/www.frottbf-liege.be\/wp-content\/uploads\/2025\/08\/Montees-et-descentes-Provinciales-2025-2026.pdf\">Mont\u00e9es et descentes Provinciales 2025-2026<\/a><\/p>\n<h2 id=\"tablepress-1-name\" class=\"tablepress-table-name tablepress-table-name-id-1\">Num\u00e9ro matricule des clubs provinciaux<\/h2>\n\n<table id=\"tablepress-1\" class=\"tablepress tablepress-id-1\" aria-labelledby=\"tablepress-1-name\">\n<thead>\n<tr class=\"row-1 odd\">\n\t<th class=\"column-1\">Nom du club<\/th><th class=\"column-2\">Matricule<\/th>\n<\/tr>\n<\/thead>\n<tbody class=\"row-hover\">\n<tr class=\"row-2 even\">\n\t<td class=\"column-1\"><a href=\"http:\/\/www.frottbf-liege.be\/?page_id=259\">ALLIANCE<\/a><\/td><td class=\"column-2\">143<\/td>\n<\/tr>\n<tr class=\"row-3 odd\">\n\t<td class=\"column-1\"><a href=\"http:\/\/www.frottbf-liege.be\/?page_id=288\">AVENNES<\/a><\/td><td class=\"column-2\">94<\/td>\n<\/tr>\n<tr class=\"row-4 even\">\n\t<td class=\"column-1\"><a href=\"https:\/\/www.frottbf-liege.be\/?page_id=300\">AWAN-AYWAILLE<\/a><\/td><td class=\"column-2\">234<\/td>\n<\/tr>\n<tr class=\"row-5 odd\">\n\t<td class=\"column-1\"><a href=\"https:\/\/www.frottbf-liege.be\/?page_id=536\">BELLAIRE<\/a><\/td><td class=\"column-2\">19<\/td>\n<\/tr>\n<tr class=\"row-6 even\">\n\t<td class=\"column-1\"><a href=\"https:\/\/www.frottbf-liege.be\/?page_id=534\">BOUNY<\/a><\/td><td class=\"column-2\">221<\/td>\n<\/tr>\n<tr class=\"row-7 odd\">\n\t<td class=\"column-1\"><a href=\"https:\/\/www.frottbf-liege.be\/?page_id=527\">TTC BOVINIA <\/a><\/td><td class=\"column-2\">151<\/td>\n<\/tr>\n<tr class=\"row-8 even\">\n\t<td class=\"column-1\"><a href=\"https:\/\/www.frottbf-liege.be\/?page_id=532\">CHENEE<\/a><\/td><td class=\"column-2\">54<\/td>\n<\/tr>\n<tr class=\"row-9 odd\">\n\t<td class=\"column-1\"><a href=\"https:\/\/www.frottbf-liege.be\/?page_id=529\">COMBLAIN-LA-TOUR<\/a><\/td><td class=\"column-2\">12<\/td>\n<\/tr>\n<tr class=\"row-10 even\">\n\t<td class=\"column-1\"><a href=\"http:\/\/www.frottbf-liege.be\/?page_id=243\">DIME VILLERS<\/a><\/td><td class=\"column-2\">186<\/td>\n<\/tr>\n<tr class=\"row-11 odd\">\n\t<td class=\"column-1\"><a href=\"https:\/\/www.frottbf-liege.be\/?page_id=523\">DURBUY<\/a><\/td><td class=\"column-2\">223<\/td>\n<\/tr>\n<tr class=\"row-12 even\">\n\t<td class=\"column-1\"><a href=\"https:\/\/www.frottbf-liege.be\/?page_id=519\">FAIRON<\/a><\/td><td class=\"column-2\">11<\/td>\n<\/tr>\n<tr class=\"row-13 odd\">\n\t<td class=\"column-1\"><a href=\"https:\/\/www.frottbf-liege.be\/?page_id=515\">GRACE<\/a><\/td><td class=\"column-2\">20<\/td>\n<\/tr>\n<tr class=\"row-14 even\">\n\t<td class=\"column-1\"><a href=\"https:\/\/www.frottbf-liege.be\/?page_id=2136\">LA GLEIZE<\/a><\/td><td class=\"column-2\">168<\/td>\n<\/tr>\n<tr class=\"row-15 odd\">\n\t<td class=\"column-1\"><a href=\"https:\/\/www.frottbf-liege.be\/?page_id=4879\">LES RATS DE VERVIERS<\/a><\/td><td class=\"column-2\">231<\/td>\n<\/tr>\n<tr class=\"row-16 even\">\n\t<td class=\"column-1\"><a href=\"https:\/\/www.frottbf-liege.be\/?page_id=500\">LINCE<\/a><\/td><td class=\"column-2\">80<\/td>\n<\/tr>\n<tr class=\"row-17 odd\">\n\t<td class=\"column-1\"><a href=\"https:\/\/www.frottbf-liege.be\/?page_id=416\">LONCIN<\/a><\/td><td class=\"column-2\">191<\/td>\n<\/tr>\n<tr class=\"row-18 even\">\n\t<td class=\"column-1\"><a href=\"https:\/\/www.frottbf-liege.be\/?page_id=496\">MELEN<\/a><\/td><td class=\"column-2\">40<\/td>\n<\/tr>\n<tr class=\"row-19 odd\">\n\t<td class=\"column-1\"><a href=\"https:\/\/www.frottbf-liege.be\/?page_id=494\">MOMALLE<\/a><\/td><td class=\"column-2\">114<\/td>\n<\/tr>\n<tr class=\"row-20 even\">\n\t<td class=\"column-1\"><a href=\"https:\/\/www.frottbf-liege.be\/?page_id=491\">MONS<\/a><\/td><td class=\"column-2\">3<\/td>\n<\/tr>\n<tr class=\"row-21 odd\">\n\t<td class=\"column-1\"><a href=\"https:\/\/www.frottbf-liege.be\/?page_id=2643\">NONCEVEUX<\/a><\/td><td class=\"column-2\">149<\/td>\n<\/tr>\n<tr class=\"row-22 even\">\n\t<td class=\"column-1\"><a href=\"http:\/\/www.frottbf-liege.be\/?page_id=5883\">ONEUX Alliance Le Congo<\/a><\/td><td class=\"column-2\">236<\/td>\n<\/tr>\n<tr class=\"row-23 odd\">\n\t<td class=\"column-1\"><a href=\"https:\/\/www.frottbf-liege.be\/?page_id=2123\">P'TIT CIPLET<\/a><\/td><td class=\"column-2\">229<\/td>\n<\/tr>\n<tr class=\"row-24 even\">\n\t<td class=\"column-1\"><a href=\"https:\/\/www.frottbf-liege.be\/?page_id=453\">RAMIOUL<\/a><\/td><td class=\"column-2\">131<\/td>\n<\/tr>\n<tr class=\"row-25 odd\">\n\t<td class=\"column-1\"><a href=\"https:\/\/www.frottbf-liege.be\/?page_id=450\">ROLOUX<\/a><\/td><td class=\"column-2\">213<\/td>\n<\/tr>\n<tr class=\"row-26 even\">\n\t<td class=\"column-1\"><a href=\"https:\/\/www.frottbf-liege.be\/?page_id=443\">SERAING<\/a><\/td><td class=\"column-2\">153<\/td>\n<\/tr>\n<tr class=\"row-27 odd\">\n\t<td class=\"column-1\"><a href=\"https:\/\/www.frottbf-liege.be\/?page_id=441\">SURLEMEZ<\/a><\/td><td class=\"column-2\">201<\/td>\n<\/tr>\n<tr class=\"row-28 even\">\n\t<td class=\"column-1\"><a href=\"https:\/\/www.frottbf-liege.be\/?page_id=439\">TCHANTCHES<\/a><\/td><td class=\"column-2\">233<\/td>\n<\/tr>\n<tr class=\"row-29 odd\">\n\t<td class=\"column-1\"><a href=\"https:\/\/www.frottbf-liege.be\/?page_id=437\">TILLEUR<\/a><\/td><td class=\"column-2\">37<\/td>\n<\/tr>\n<tr class=\"row-30 even\">\n\t<td class=\"column-1\"><a href=\"https:\/\/www.frottbf-liege.be\/?page_id=433\">VAL PIERRY'S<\/a><\/td><td class=\"column-2\">212<\/td>\n<\/tr>\n<tr class=\"row-31 odd\">\n\t<td class=\"column-1\"><a href=\"https:\/\/www.frottbf-liege.be\/?page_id=421\">VAUX<\/a><\/td><td class=\"column-2\">63<\/td>\n<\/tr>\n<tr class=\"row-32 even\">\n\t<td class=\"column-1\"><a href=\"http:\/\/www.frottbf-liege.be\/?page_id=374\">WAREMME<\/a><\/td><td class=\"column-2\">79<\/td>\n<\/tr>\n<tr class=\"row-33 odd\">\n\t<td class=\"column-1\"><a href=\"http:\/\/www.frottbf-liege.be\/?page_id=295\">XHORIS<\/a><\/td><td class=\"column-2\">9<\/td>\n<\/tr>\n<\/tbody>\n<\/table>\n<!-- #tablepress-1 from cache -->\n","protected":false},"excerpt":{"rendered":"<p>Comit\u00e9 Ex\u00e9cutif Provincial de Li\u00e8ge DEROGATIONS PROVINCIALES LIEGEOISES 25-26 Mont\u00e9es et descentes Provinciales 2025-2026<\/p>\n","protected":false},"author":1,"featured_media":0,"parent":21,"menu_order":0,"comment_status":"closed","ping_status":"closed","template":"","meta":{"footnotes":""},"publishpress_future_action":{"enabled":false,"date":"2026-05-21 23:24:35","action":"change-status","newStatus":"draft","terms":[],"taxonomy":""},"publishpress_future_workflow_manual_trigger":{"enabledWorkflows":[]},"_links":{"self":[{"href":"https:\/\/www.frottbf-liege.be\/index.php?rest_route=\/wp\/v2\/pages\/27"}],"collection":[{"href":"https:\/\/www.frottbf-liege.be\/index.php?rest_route=\/wp\/v2\/pages"}],"about":[{"href":"https:\/\/www.frottbf-liege.be\/index.php?rest_route=\/wp\/v2\/types\/page"}],"author":[{"embeddable":true,"href":"https:\/\/www.frottbf-liege.be\/index.php?rest_route=\/wp\/v2\/users\/1"}],"replies":[{"embeddable":true,"href":"https:\/\/www.frottbf-liege.be\/index.php?rest_route=%2Fwp%2Fv2%2Fcomments&post=27"}],"version-history":[{"count":29,"href":"https:\/\/www.frottbf-liege.be\/index.php?rest_route=\/wp\/v2\/pages\/27\/revisions"}],"predecessor-version":[{"id":5738,"href":"https:\/\/www.frottbf-liege.be\/index.php?rest_route=\/wp\/v2\/pages\/27\/revisions\/5738"}],"up":[{"embeddable":true,"href":"https:\/\/www.frottbf-liege.be\/index.php?rest_route=\/wp\/v2\/pages\/21"}],"wp:attachment":[{"href":"https:\/\/www.frottbf-liege.be\/index.php?rest_route=%2Fwp%2Fv2%2Fmedia&parent=27"}],"curies":[{"name":"wp","href":"https:\/\/api.w.org\/{rel}","templated":true}]}}