{"id":243,"date":"2018-02-10T15:13:24","date_gmt":"2018-02-10T14:13:24","guid":{"rendered":"http:\/\/www.frottbf-liege.be\/?page_id=243"},"modified":"2024-07-16T15:33:47","modified_gmt":"2024-07-16T13:33:47","slug":"dime-villers","status":"publish","type":"page","link":"https:\/\/www.frottbf-liege.be\/?page_id=243","title":{"rendered":"DIME VILLERS"},"content":{"rendered":"<p><strong>Club :<\/strong><\/p>\n<table width=\"50%\">\n<tbody>\n<tr>\n<td><span style=\"color: #ff0000;\">Matricule<\/span><\/td>\n<td>186<\/td>\n<\/tr>\n<tr>\n<td width=\"25%\"><span style=\"color: #ff0000;\">Adresse local<\/span><\/td>\n<td>Salle du Patronage<br \/>\nRue de Gustave Lemeer, 30<br \/>\n4340 VILLERS-L&rsquo;EVEQUE<\/td>\n<\/tr>\n<tr>\n<td><span style=\"color: #ff0000;\">Tf local<\/span><\/td>\n<td>&#8211;<\/td>\n<\/tr>\n<tr>\n<td><span style=\"color: #ff0000;\">Site web<br \/>\n<\/span><\/td>\n<td>&#8211;<\/td>\n<\/tr>\n<tr>\n<td><span style=\"color: #ff0000;\">Social<br \/>\n<\/span><\/td>\n<td><a href=\"https:\/\/www.facebook.com\/dimevillers\/\">https:\/\/www.facebook.com\/dimevillers\/<\/a><\/td>\n<\/tr>\n<tr>\n<td><span style=\"color: #ff0000;\">Localisation<\/span><\/td>\n<td><iframe loading=\"lazy\" style=\"border: 0;\" src=\"https:\/\/www.google.com\/maps\/embed?pb=!1m18!1m12!1m3!1d2526.8748310700516!2d5.4362535513491395!3d50.703707276864286!2m3!1f0!2f0!3f0!3m2!1i1024!2i768!4f13.1!3m3!1m2!1s0x47c0fd26c6333bcb%3A0xbfe8d0c0efeb604a!2sRue+Gustave+Lemeer+30%2C+4340+Awans!5e0!3m2!1sfr!2sbe!4v1518279231123\" width=\"400\" height=\"300\" frameborder=\"0\" allowfullscreen=\"allowfullscreen\"><\/iframe><\/td>\n<\/tr>\n<tr>\n<td><span style=\"color: #ff0000;\">Entrainements<\/span><\/td>\n<td>Mercredi 19h30 Matchs V\u00e9t\u00e9rans \u00e9cole du Val D&rsquo;Aaz n\u00b01 rue du Pon\u00e7ay 4680 Herm\u00e9e<\/td>\n<\/tr>\n<\/tbody>\n<\/table>\n<p><strong>Secr\u00e9taire :<\/strong><\/p>\n<table width=\"50%\">\n<tbody>\n<tr>\n<td width=\"25%\">Nom<\/td>\n<td>Thierry Almer<\/td>\n<\/tr>\n<tr>\n<td>Adresse<\/td>\n<td>Rue de Bruxelles, 42<br \/>\n4340 AWANS<\/td>\n<\/tr>\n<tr>\n<td>Tf<\/td>\n<td>04\/247.11.89<\/td>\n<\/tr>\n<tr>\n<td>GSM<\/td>\n<td>0497\/70.14.31<\/td>\n<\/tr>\n<tr>\n<td>Email<\/td>\n<td><a href=\"mailto:thierry.almer@gmail.com\">thierry.almer@gmail.com<\/a><\/td>\n<\/tr>\n<\/tbody>\n<\/table>\n<p><strong>Divers :<\/strong><\/p>\n","protected":false},"excerpt":{"rendered":"<p>Club : Matricule 186 Adresse local Salle du Patronage Rue de Gustave Lemeer, 30 4340 VILLERS-L&rsquo;EVEQUE Tf local &#8211; Site web &#8211; Social https:\/\/www.facebook.com\/dimevillers\/ Localisation Entrainements Mercredi 19h30 Matchs V\u00e9t\u00e9rans \u00e9cole du Val D&rsquo;Aaz n\u00b01 rue du Pon\u00e7ay 4680 Herm\u00e9e Secr\u00e9taire : Nom Thierry Almer Adresse Rue de Bruxelles, 42 4340 AWANS Tf 04\/247.11.89 GSM &hellip; <a href=\"https:\/\/www.frottbf-liege.be\/?page_id=243\" class=\"more-link\">Continuer la lecture<span class=\"screen-reader-text\"> de &laquo;&nbsp;DIME VILLERS&nbsp;&raquo;<\/span><\/a><\/p>\n","protected":false},"author":1,"featured_media":0,"parent":21,"menu_order":0,"comment_status":"closed","ping_status":"closed","template":"","meta":{"footnotes":""},"publishpress_future_action":{"enabled":false,"date":"2026-05-22 01:22:17","action":"change-status","newStatus":"draft","terms":[],"taxonomy":""},"publishpress_future_workflow_manual_trigger":{"enabledWorkflows":[]},"_links":{"self":[{"href":"https:\/\/www.frottbf-liege.be\/index.php?rest_route=\/wp\/v2\/pages\/243"}],"collection":[{"href":"https:\/\/www.frottbf-liege.be\/index.php?rest_route=\/wp\/v2\/pages"}],"about":[{"href":"https:\/\/www.frottbf-liege.be\/index.php?rest_route=\/wp\/v2\/types\/page"}],"author":[{"embeddable":true,"href":"https:\/\/www.frottbf-liege.be\/index.php?rest_route=\/wp\/v2\/users\/1"}],"replies":[{"embeddable":true,"href":"https:\/\/www.frottbf-liege.be\/index.php?rest_route=%2Fwp%2Fv2%2Fcomments&post=243"}],"version-history":[{"count":19,"href":"https:\/\/www.frottbf-liege.be\/index.php?rest_route=\/wp\/v2\/pages\/243\/revisions"}],"predecessor-version":[{"id":5292,"href":"https:\/\/www.frottbf-liege.be\/index.php?rest_route=\/wp\/v2\/pages\/243\/revisions\/5292"}],"up":[{"embeddable":true,"href":"https:\/\/www.frottbf-liege.be\/index.php?rest_route=\/wp\/v2\/pages\/21"}],"wp:attachment":[{"href":"https:\/\/www.frottbf-liege.be\/index.php?rest_route=%2Fwp%2Fv2%2Fmedia&parent=243"}],"curies":[{"name":"wp","href":"https:\/\/api.w.org\/{rel}","templated":true}]}}