{"id":18,"date":"2018-02-01T15:10:47","date_gmt":"2018-02-01T14:10:47","guid":{"rendered":"http:\/\/frottbf-liege.be\/?page_id=18"},"modified":"2026-04-13T14:25:55","modified_gmt":"2026-04-13T12:25:55","slug":"accueil","status":"publish","type":"page","link":"https:\/\/www.frottbf-liege.be\/","title":{"rendered":"Accueil"},"content":{"rendered":"\n<figure class=\"wp-block-image size-large is-resized\"><img loading=\"lazy\" decoding=\"async\" width=\"1024\" height=\"236\" src=\"https:\/\/www.frottbf-liege.be\/wp-content\/uploads\/2025\/07\/image-1024x236.png\" alt=\"\" class=\"wp-image-5645\" style=\"width:1070px;height:auto\" srcset=\"https:\/\/www.frottbf-liege.be\/wp-content\/uploads\/2025\/07\/image-1024x236.png 1024w, https:\/\/www.frottbf-liege.be\/wp-content\/uploads\/2025\/07\/image-300x69.png 300w, https:\/\/www.frottbf-liege.be\/wp-content\/uploads\/2025\/07\/image-768x177.png 768w, https:\/\/www.frottbf-liege.be\/wp-content\/uploads\/2025\/07\/image-1200x277.png 1200w, https:\/\/www.frottbf-liege.be\/wp-content\/uploads\/2025\/07\/image.png 1492w\" sizes=\"(max-width: 709px) 85vw, (max-width: 909px) 67vw, (max-width: 1362px) 62vw, 840px\" \/><\/figure>\n\n\n<h5><img loading=\"lazy\" decoding=\"async\" class=\"size-medium wp-image-5651 aligncenter\" src=\"https:\/\/www.frottbf-liege.be\/wp-content\/uploads\/2025\/07\/Capture-logo-2-300x271.jpg\" alt=\"\" width=\"300\" height=\"271\" srcset=\"https:\/\/www.frottbf-liege.be\/wp-content\/uploads\/2025\/07\/Capture-logo-2-300x271.jpg 300w, https:\/\/www.frottbf-liege.be\/wp-content\/uploads\/2025\/07\/Capture-logo-2.jpg 618w\" sizes=\"(max-width: 300px) 85vw, 300px\" \/><\/h5>\n<h5>Bienvenue sur le site de la f\u00e9d\u00e9ration li\u00e9geoise de tennis de table.<\/h5>\n<p>Dans ce site, vous trouverez un maximum de renseignements sur les tournois, comp\u00e9titions, &#8230; ainsi que beaucoup de documents utiles.<\/p>\n<p><a href=\"https:\/\/www.frottbf-liege.be\/wp-content\/uploads\/2026\/02\/Comite-Executif-Provincial-de-Liege-au-26-02-03.pdf\">Comit\u00e9 Ex\u00e9cutif Provincial de Li\u00e8ge au 26-02-03<\/a><\/p>\n<p><a href=\"https:\/\/www.frottbf-liege.be\/wp-content\/uploads\/2025\/08\/Divisions-et-derogations-Veterans-25-26.pdf\">Divisions et d\u00e9rogations V\u00e9t\u00e9rans 5-26<\/a><\/p>\n<p><a href=\"https:\/\/www.frottbf-liege.be\/wp-content\/uploads\/2025\/01\/F.R.O.T.T.B.F.-R.O.I.-Edition-2022-mise-a-jour-en-2025.pdf\">F.R.O.T.T.B.F. &#8211; R.O.I. &#8211; Edition 2022 mise \u00e0 jour en 2025<\/a><\/p>\n<p><a href=\"https:\/\/www.frottbf-liege.be\/wp-content\/uploads\/2026\/03\/Transferts-25-26-26-27.pdf\">Transferts 25-26 &#8212; 26-27<\/a><\/p>\n\n\n<p><\/p>\n","protected":false},"excerpt":{"rendered":"<p>Bienvenue sur le site de la f\u00e9d\u00e9ration li\u00e9geoise de tennis de table. Dans ce site, vous trouverez un maximum de renseignements sur les tournois, comp\u00e9titions, &#8230; ainsi que beaucoup de documents utiles. Comit\u00e9 Ex\u00e9cutif Provincial de Li\u00e8ge au 26-02-03 Divisions et d\u00e9rogations V\u00e9t\u00e9rans 5-26 F.R.O.T.T.B.F. &#8211; R.O.I. &#8211; Edition 2022 mise \u00e0 jour en 2025 &hellip; <a href=\"https:\/\/www.frottbf-liege.be\/\" class=\"more-link\">Continuer la lecture<span class=\"screen-reader-text\"> de &laquo;&nbsp;Accueil&nbsp;&raquo;<\/span><\/a><\/p>\n","protected":false},"author":1,"featured_media":0,"parent":0,"menu_order":0,"comment_status":"closed","ping_status":"closed","template":"","meta":{"footnotes":""},"publishpress_future_action":{"enabled":false,"date":"2026-05-08 02:07:13","action":"change-status","newStatus":"draft","terms":[],"taxonomy":""},"publishpress_future_workflow_manual_trigger":{"enabledWorkflows":[]},"_links":{"self":[{"href":"https:\/\/www.frottbf-liege.be\/index.php?rest_route=\/wp\/v2\/pages\/18"}],"collection":[{"href":"https:\/\/www.frottbf-liege.be\/index.php?rest_route=\/wp\/v2\/pages"}],"about":[{"href":"https:\/\/www.frottbf-liege.be\/index.php?rest_route=\/wp\/v2\/types\/page"}],"author":[{"embeddable":true,"href":"https:\/\/www.frottbf-liege.be\/index.php?rest_route=\/wp\/v2\/users\/1"}],"replies":[{"embeddable":true,"href":"https:\/\/www.frottbf-liege.be\/index.php?rest_route=%2Fwp%2Fv2%2Fcomments&post=18"}],"version-history":[{"count":69,"href":"https:\/\/www.frottbf-liege.be\/index.php?rest_route=\/wp\/v2\/pages\/18\/revisions"}],"predecessor-version":[{"id":6067,"href":"https:\/\/www.frottbf-liege.be\/index.php?rest_route=\/wp\/v2\/pages\/18\/revisions\/6067"}],"wp:attachment":[{"href":"https:\/\/www.frottbf-liege.be\/index.php?rest_route=%2Fwp%2Fv2%2Fmedia&parent=18"}],"curies":[{"name":"wp","href":"https:\/\/api.w.org\/{rel}","templated":true}]}}